{"id":963,"date":"2024-02-26T23:10:49","date_gmt":"2024-02-26T22:10:49","guid":{"rendered":"https:\/\/www.grantalexander.com\/?page_id=963"},"modified":"2025-10-03T17:33:26","modified_gmt":"2025-10-03T15:33:26","slug":"the-intersearch-network","status":"publish","type":"page","link":"https:\/\/www.grantalexander.com\/en\/the-group\/the-intersearch-network\/","title":{"rendered":"The InterSearch Network"},"content":{"rendered":"\n<p>Grant Alexander is the exclusive partner of InterSearch in France and Switzerland,<strong> a global leader in HR consulting and services<\/strong><\/p>\n\n\n\n<div class=\"block block-numbers  py-6 px-4 px-lg-0\">\n\t<div class=\"row\">\n    <div class=\"col-12\">\n                                      <div class=\"row g-4 pt-2 justify-content-center row-cols-1 row-cols-sm-2 row-cols-md-3 row-color-even\">\n           \n            <div class=\"col \">              \n                <div class=\"card card--numbers p-4\">\n  <div class=\"col\">  \n              \t\t\t\t\t\t\t\t  \n      <div class=\"wrapper-image d-flex align-items-end justify-content-center h-100\">\n      <figure class=\"\">\n        <img decoding=\"async\" src=\"https:\/\/www.grantalexander.com\/en\/wp-content\/uploads\/sites\/2\/2025\/08\/icon_experience.png\" class=\"field-image img-fluid\"\n           alt=\"Illustration Image\"            title=\"icon_experience\"           width=\"58\"           height=\"65\"           srcset=\"\"\t\t\n           sizes=\"(max-width: 58px) 100vw, 58px\"                    \/>\n            <\/figure>\n    <\/div>\n    \n  <\/div>\n\n  <div class=\"col-auto px-4\">  \n            <h3 class=\"field-subtitle text-center text-uppercase pt-2 pb-1\">\n    30+\n  <\/h3>\n   \n  <\/div>\n\n  <div class=\"col\">       \n            <p class=\"field-textarea text-center\">\n    years of experience\n  <\/p>\n  \n  <\/div>\n<\/div>\n             \n            <\/div>\n           \n            <div class=\"col \">              \n                <div class=\"card card--numbers p-4\">\n  <div class=\"col\">  \n              \t\t\t\t\t\t\t\t  \n      <div class=\"wrapper-image d-flex align-items-end justify-content-center h-100\">\n      <figure class=\"\">\n        <img decoding=\"async\" src=\"https:\/\/www.grantalexander.com\/en\/wp-content\/uploads\/sites\/2\/2025\/08\/icone_consultants.png\" class=\"field-image img-fluid\"\n           alt=\"Illustration Image\"            title=\"icone_consultants\"           width=\"64\"           height=\"66\"           srcset=\"\"\t\t\n           sizes=\"(max-width: 64px) 100vw, 64px\"                    \/>\n            <\/figure>\n    <\/div>\n    \n  <\/div>\n\n  <div class=\"col-auto px-4\">  \n            <h3 class=\"field-subtitle text-center text-uppercase pt-2 pb-1\">\n    640+\n  <\/h3>\n   \n  <\/div>\n\n  <div class=\"col\">       \n            <p class=\"field-textarea text-center\">\n    consultants and researchers\n  <\/p>\n  \n  <\/div>\n<\/div>\n             \n            <\/div>\n           \n            <div class=\"col \">              \n                <div class=\"card card--numbers p-4\">\n  <div class=\"col\">  \n              \t\t\t\t\t\t\t\t  \n      <div class=\"wrapper-image d-flex align-items-end justify-content-center h-100\">\n      <figure class=\"\">\n        <img decoding=\"async\" src=\"https:\/\/www.grantalexander.com\/en\/wp-content\/uploads\/sites\/2\/2025\/08\/icon_recrutement.png\" class=\"field-image img-fluid\"\n           alt=\"Illustration Image\"            title=\"icon_recrutement\"           width=\"65\"           height=\"65\"           srcset=\"\"\t\t\n           sizes=\"(max-width: 65px) 100vw, 65px\"                    \/>\n            <\/figure>\n    <\/div>\n    \n  <\/div>\n\n  <div class=\"col-auto px-4\">  \n            <h3 class=\"field-subtitle text-center text-uppercase pt-2 pb-1\">\n    4500+\n  <\/h3>\n   \n  <\/div>\n\n  <div class=\"col\">       \n            <p class=\"field-textarea text-center\">\n    recruitments per year\n  <\/p>\n  \n  <\/div>\n<\/div>\n             \n            <\/div>\n           \n            <div class=\"col \">              \n                <div class=\"card card--numbers p-4\">\n  <div class=\"col\">  \n          \n  <\/div>\n\n  <div class=\"col-auto px-4\">  \n            <h3 class=\"field-subtitle text-center text-uppercase pt-2 pb-1\">\n    80+\n  <\/h3>\n   \n  <\/div>\n\n  <div class=\"col\">       \n            <p class=\"field-textarea text-center\">\n    offices<br \/>\r\nin over 50 countries\n  <\/p>\n  \n  <\/div>\n<\/div>\n             \n            <\/div>\n           \n            <div class=\"col \">              \n                <div class=\"card card--numbers p-4\">\n  <div class=\"col\">  \n              \t\t\t\t\t\t\t\t  \n      <div class=\"wrapper-image d-flex align-items-end justify-content-center h-100\">\n      <figure class=\"\">\n        <img decoding=\"async\" src=\"https:\/\/www.grantalexander.com\/en\/wp-content\/uploads\/sites\/2\/2025\/08\/icon_marches.png\" class=\"field-image img-fluid\"\n           alt=\"Illustration Image\"            title=\"icon_marches\"           width=\"64\"           height=\"65\"           srcset=\"\"\t\t\n           sizes=\"(max-width: 64px) 100vw, 64px\"                    \/>\n            <\/figure>\n    <\/div>\n    \n  <\/div>\n\n  <div class=\"col-auto px-4\">  \n            <h3 class=\"field-subtitle text-center text-uppercase pt-2 pb-1\">\n    70+\n  <\/h3>\n   \n  <\/div>\n\n  <div class=\"col\">       \n            <p class=\"field-textarea text-center\">\n    markets and<br \/>\r\n30+ languages\n  <\/p>\n  \n  <\/div>\n<\/div>\n             \n            <\/div>\n           \n            <div class=\"col \">              \n                <div class=\"card card--numbers p-4\">\n  <div class=\"col\">  \n              \t\t\t\t\t\t\t\t  \n      <div class=\"wrapper-image d-flex align-items-end justify-content-center h-100\">\n      <figure class=\"\">\n        <img decoding=\"async\" src=\"https:\/\/www.grantalexander.com\/en\/wp-content\/uploads\/sites\/2\/2025\/08\/icon_ca.png\" class=\"field-image img-fluid\"\n           alt=\"Illustration Image\"            title=\"icon_ca\"           width=\"64\"           height=\"65\"           srcset=\"\"\t\t\n           sizes=\"(max-width: 64px) 100vw, 64px\"                    \/>\n            <\/figure>\n    <\/div>\n    \n  <\/div>\n\n  <div class=\"col-auto px-4\">  \n            <h3 class=\"field-subtitle text-center text-uppercase pt-2 pb-1\">\n    \u20ac290M+\n  <\/h3>\n   \n  <\/div>\n\n  <div class=\"col\">       \n            <p class=\"field-textarea text-center\">\n    in annual revenue\n  <\/p>\n  \n  <\/div>\n<\/div>\n             \n            <\/div>\n                  <\/div>\n       \n    <\/div>    \n  <\/div>\n<\/div>\n\n\n\n<p><\/p>\n\n\n\n<p><\/p>\n\n\n\n<h2 class=\"wp-block-heading\">Worldwide Reach, Local Expertise<\/h2>\n\n\n\n<p>Thanks to InterSearch, you benefit from comprehensive international support\u2014whether you&#8217;re recruiting exceptional talent or addressing broader leadership development challenges at the local level. Every one of our partners shares Grant Alexander\u2019s high standards and is committed to delivering customized solutions that perfectly match your needs.<\/p>\n\n\n<div class=\"block block-card-color  py-6 px-4 px-lg-0\">\n  <div class=\"row\">\n    <div class=\"col-12\">\n\n              <div class=\"row g-3 justify-content-center\">\n           \n            <div class=\"col-12 col-md pt-4\">              \n                <div class=\"card card--color p-3 px-md-6 py-md-6\">\n        <h3 class=\"fs-3 card-header field-subtitle px-0 pb-4\">\n    Rigorous Selection\n  <\/h3>\n \n  <div class=\"\">\n        <div class=\"field-wysiwyg\">\n    <p><span style=\"font-weight: 400\">InterSearch partners are carefully chosen based on strict criteria, including their expertise and deep understanding of local markets.<\/span><\/p>\n\n  <\/div>\n  \n  <\/div> \n       \n<\/div>\n             \n            <\/div>\n           \n            <div class=\"col-12 col-md pt-4\">              \n                <div class=\"card card--color p-3 px-md-6 py-md-6\">\n        <h3 class=\"fs-3 card-header field-subtitle px-0 pb-4\">\n    Operational Excellence<br \/>\r\n\n  <\/h3>\n \n  <div class=\"\">\n        <div class=\"field-wysiwyg\">\n    <p><span style=\"font-weight: 400\">Projects are carried out with consistently high quality standards, supported by the sharing of best practices among all network members.<\/span><\/p>\n\n  <\/div>\n  \n  <\/div> \n       \n<\/div>\n             \n            <\/div>\n           \n            <div class=\"col-12 col-md pt-4\">              \n                <div class=\"card card--color p-3 px-md-6 py-md-6\">\n        <h3 class=\"fs-3 card-header field-subtitle px-0 pb-4\">\n    Responsible Commitment\n  <\/h3>\n \n  <div class=\"\">\n        <div class=\"field-wysiwyg\">\n    <p><span style=\"font-weight: 400\">Our members are united by shared values and a drive to make a meaningful impact, supported by local CSR (Corporate Social Responsibility) initiatives.<\/span><\/p>\n\n  <\/div>\n  \n  <\/div> \n       \n<\/div>\n             \n            <\/div>\n           \n        <\/div>\n       \n \n    <\/div>    \n  <\/div>\n<\/div>\n\n\n\n<p><a href=\"https:\/\/www.grantalexander.com\/en\/the-group\/our-csr-approach\/\">Learn more about Grant Alexander&#8217;s CSR Initiatives <\/a><\/p>\n\n\n\n<h2 class=\"wp-block-heading\">Across the Globe<\/h2>\n\n\n\n<p>InterSearch is built on a network of strategically located offices. This global footprint enables expert teams to be mobilized\u2014wherever you are\u2014to effectively address your leadership recruitment or development needs.<\/p>\n\n\n\n<p class=\"has-text-align-left\"><a href=\"https:\/\/intersearch.org\/location\" target=\"_blank\" rel=\"noreferrer noopener\">Discover InterSearch locations<\/a><\/p>\n\n\n  <div class=\"block block-people  pt-3 mt-3\">\n  <div class=\"row bg-color-dark flex-md-row\">\n    <div class=\"col-12 col-md-6 pt-12 pe-16 pb-12 ps-12 col-desc\">\n                  <h2 class=\"fs-2 field-title text-white pb-4\">\n    Our international experts\n  <\/h2>\n                    <div class=\"field-wysiwyg text-white\">\n    <p><span style=\"font-weight: 400\">Grant Alexander plays a key role in the network, with several team members actively engaged in bringing it to life internally, strengthening partnerships, and contributing to the ongoing development of InterSearch.<\/span><\/p>\n<p>Our international directors are Gr\u00e9goire Beaurain for Executive Search and Fr\u00e9d\u00e9ric Ledien for Executive Interim Management.<\/p>\n\n  <\/div>\n                 \n    <\/div>\n    <div class=\"col-12 col-md-6\">\n                  \n      <div class=\"splide\" role=\"group\" aria-label=\"Carousel Our international experts\" data-splide='{\"type\":\"fade\",\"rewind\":true,\"perPage\":1,\"perMove\":1,\"pagination\":false,\"arrows\":true,\"drag\":true,\"loop\":true,\"autoplay\":true,\"pauseOnHover\":true,\"interval\":3000}'>\n        <div class=\"splide__track\">\n          <div class=\"splide__list\">\n            \n              <div class=\"splide__slide\">\n\n                <a href=\"https:\/\/www.grantalexander.com\/en\/teams\/gregoire-beaurain\/\" title=\"Gr\u00e9goire  Beaurain\">\n                \n                                          \t\t\t\t\t\t\t\t  \n      <div class=\"wrapper-image pb-md-0\">\n      <figure class=\"ratio ratio-1x1\">\n        <img decoding=\"async\" src=\"https:\/\/www.grantalexander.com\/en\/wp-content\/uploads\/sites\/2\/2024\/06\/Gregoire-Beaurain.webp\" class=\"field-image object-fit-cover\"\n           alt=\"Gregoire-Beaurain\"           title=\"Gregoire-Beaurain\"           width=\"600\"           height=\"600\"           srcset=\"\"\t\t\n           sizes=\"(max-width: 600px) 100vw, 600px\"                    \/>\n            <\/figure>\n    <\/div>\n  \n                  <div class=\"zone-text text-white p-4 pe-20 ps-md-10\">\n                    <div>\n                          <span class=\"text-uppercase fw-bold\">\n    Gr\u00e9goire \n  <\/span>\n                          <span class=\"text-uppercase fw-bold\">\n    Beaurain\n  <\/span>\n                    <\/div>  \n                        <div class=\"fs-base-sm\">\n    Head of International \/ Finance Practice Associate Director\r\n\n  <\/div>\n                        <p class=\"m-0 fs-base-sm text-uppercase\">\n    Executive Search\n  <\/p>\n \n                        <div class=\"fs-base-sm\">\n    France\n  <\/div>\n     \n                    \n                            \n                  <\/div>\n\n                <\/a>\n              <\/div>\n            \n              <div class=\"splide__slide\">\n\n                <a href=\"https:\/\/www.grantalexander.com\/en\/teams\/frederic-ledien\/\" title=\"Fr\u00e9d\u00e9ric  Ledien\">\n                \n                                          \t\t\t\t\t\t\t\t  \n      <div class=\"wrapper-image pb-md-0\">\n      <figure class=\"ratio ratio-1x1\">\n        <img decoding=\"async\" src=\"https:\/\/www.grantalexander.com\/en\/wp-content\/uploads\/sites\/2\/2024\/06\/Frederic-Ledien.webp\" class=\"field-image object-fit-cover\"\n           alt=\"Frederic-Ledien\"           title=\"Frederic-Ledien\"           width=\"600\"           height=\"600\"           srcset=\"\"\t\t\n           sizes=\"(max-width: 600px) 100vw, 600px\"                    \/>\n            <\/figure>\n    <\/div>\n  \n                  <div class=\"zone-text text-white p-4 pe-20 ps-md-10\">\n                    <div>\n                          <span class=\"text-uppercase fw-bold\">\n    Fr\u00e9d\u00e9ric \n  <\/span>\n                          <span class=\"text-uppercase fw-bold\">\n    Ledien\n  <\/span>\n                    <\/div>  \n                        <div class=\"fs-base-sm\">\n    Global Head of the InterSearch Interim Practice Group \/ Partner \/ DMD\r\n\n  <\/div>\n                        <p class=\"m-0 fs-base-sm text-uppercase\">\n    Executive Interim\n  <\/p>\n \n                        <div class=\"fs-base-sm\">\n    France\n  <\/div>\n     \n                    \n                            \n                  <\/div>\n\n                <\/a>\n              <\/div>\n             \n          <\/div>\n        <\/div>\n        <div class=\"splide__arrows splide__arrows--ltr\">\n          <button class=\"splide__arrow splide__arrow--prev p-1\" type=\"button\" aria-label=\"Previous Slide\" aria-controls=\"splide01-track\">\n            <svg class=\"icon-arrow\">\n              <use xlink:href=\"https:\/\/www.grantalexander.com\/en\/wp-content\/themes\/gra\/images\/pictos-symbols.svg#arrow_right\"><\/use>\n            <\/svg>\n          <\/button>\n          <button class=\"splide__arrow splide__arrow--next p-1\" type=\"button\" aria-label=\"Next Slide\" aria-controls=\"splide01-track\">\n            <svg class=\"icon-arrow\">\n              <use xlink:href=\"https:\/\/www.grantalexander.com\/en\/wp-content\/themes\/gra\/images\/pictos-symbols.svg#arrow_right\"><\/use>\n            <\/svg>\n          <\/button>\n        <\/div>\n      <\/div>\n   \n    <\/div>    \n  <\/div>\n<\/div>\n\n\n  <div class=\"block block-contact  py-6 px-4 px-lg-0\" id=\"block_68dfecc50be4f\">\n  <div class=\"row flex-md-row bg-color-dark \">\n\n\n            <div class=\"col-12 col-md-6\">\n                      \t\t\t\t\t\t\t\t  \n      <div class=\"wrapper-image h-100\">\n      <figure class=\"h-100\">\n        <img decoding=\"async\" src=\"https:\/\/www.grantalexander.com\/en\/wp-content\/uploads\/sites\/2\/2025\/08\/contact-groupe-1.jpg\" class=\"field-image object-fit-cover\"\n           alt=\"Illustration Image\"            title=\"contact-groupe\"           width=\"508\"           height=\"413\"           srcset=\"\"\t\t\n           sizes=\"(max-width: 508px) 100vw, 508px\"                    \/>\n            <\/figure>\n    <\/div>\n        <\/div>\n        <div class=\"col-12 col-md pt-12 pe-16 pb-12 ps-12\">\n                <h2 class=\"fs-2 field-title text-white pb-4\">\n    An international project?\n  <\/h2>\n                <div class=\"field-wysiwyg text-white\">\n    <p>Looking for a trusted consulting and HR partner to support your needs abroad?<\/p>\n\n  <\/div>\n            \t\t\t\t\t\t\n\t<div class=\"wrapper-link pt-4\">\n\t\t<a href=\"https:\/\/www.grantalexander.com\/en\/contact-grant-alexander-international\/\" \n\t\t\ttitle=\"Get in touch!\"\n\t\t\tclass=\"field-link btn btn-light color-dark px-lg-10\"\n\t\t\ttarget=\"_self\"\n\t\t\t\n\t\t\tdata-name=\"contact_prospect_\"\t\t>\t\t\t\n\t\t\tGet in touch!\n\t\t<\/a>\n\t<\/div>\n \n    <\/div>    \n  \n  <\/div>\n<\/div>\n\n  <ul class=\"nav wrapper-anchor-sticky\">\n    <li class=\"nav-item\">\n      <a class=\"nav-link active contact-sticky\" href=\"#block_68dfecc50be4f\" title=\"Contact\">\n        Contact\n              <\/a>\n    <\/li>\n  <\/ul> \n\n\n\n<p><\/p>\n","protected":false},"excerpt":{"rendered":"<p>Grant Alexander is the exclusive partner of InterSearch in France and Switzerland, a global leader in HR consulting and services Worldwide Reach, Local Expertise Thanks to InterSearch, you benefit from comprehensive international support\u2014whether you&#8217;re recruiting exceptional talent or addressing broader leadership development challenges at the local level. Every one of our partners shares Grant Alexander\u2019s [&hellip;]<\/p>\n","protected":false},"author":5,"featured_media":0,"parent":663,"menu_order":0,"comment_status":"closed","ping_status":"closed","template":"","meta":{"_acf_changed":false,"content-type":"","footnotes":""},"activity":[7],"class_list":["post-963","page","type-page","status-publish","hentry"],"acf":[],"yoast_head":"<!-- This site is optimized with the Yoast SEO plugin v25.7 - https:\/\/yoast.com\/wordpress\/plugins\/seo\/ -->\n<title>The InterSearch Network - Grant Alexander<\/title>\n<meta name=\"description\" content=\"Need international HR support? Our InterSearch network spans 80 offices and 50+ countries. Let\u2019s connect and strengthen your global reach.\" \/>\n<meta name=\"robots\" content=\"index, follow, max-snippet:-1, max-image-preview:large, max-video-preview:-1\" \/>\n<link rel=\"canonical\" href=\"https:\/\/www.grantalexander.com\/en\/the-group\/the-intersearch-network\/\" \/>\n<meta property=\"og:locale\" content=\"en_GB\" \/>\n<meta property=\"og:type\" content=\"article\" \/>\n<meta property=\"og:title\" content=\"The InterSearch Network - Grant Alexander\" \/>\n<meta property=\"og:description\" content=\"Need international HR support? Our InterSearch network spans 80 offices and 50+ countries. Let\u2019s connect and strengthen your global reach.\" \/>\n<meta property=\"og:url\" content=\"https:\/\/www.grantalexander.com\/en\/the-group\/the-intersearch-network\/\" \/>\n<meta property=\"og:site_name\" content=\"Grant Alexander\" \/>\n<meta property=\"article:modified_time\" content=\"2025-10-03T15:33:26+00:00\" \/>\n<meta name=\"twitter:card\" content=\"summary_large_image\" \/>\n<meta name=\"twitter:label1\" content=\"Estimated reading time\" \/>\n\t<meta name=\"twitter:data1\" content=\"1 minute\" \/>\n<script type=\"application\/ld+json\" class=\"yoast-schema-graph\">{\"@context\":\"https:\/\/schema.org\",\"@graph\":[{\"@type\":\"WebPage\",\"@id\":\"https:\/\/www.grantalexander.com\/en\/the-group\/the-intersearch-network\/\",\"url\":\"https:\/\/www.grantalexander.com\/en\/the-group\/the-intersearch-network\/\",\"name\":\"The InterSearch Network - Grant Alexander\",\"isPartOf\":{\"@id\":\"https:\/\/www.grantalexander.com\/en\/#website\"},\"datePublished\":\"2024-02-26T22:10:49+00:00\",\"dateModified\":\"2025-10-03T15:33:26+00:00\",\"description\":\"Need international HR support? Our InterSearch network spans 80 offices and 50+ countries. Let\u2019s connect and strengthen your global reach.\",\"inLanguage\":\"en-GB\",\"potentialAction\":[{\"@type\":\"ReadAction\",\"target\":[\"https:\/\/www.grantalexander.com\/en\/the-group\/the-intersearch-network\/\"]}]},{\"@type\":\"WebSite\",\"@id\":\"https:\/\/www.grantalexander.com\/en\/#website\",\"url\":\"https:\/\/www.grantalexander.com\/en\/\",\"name\":\"Grant Alexander\",\"description\":\"\",\"potentialAction\":[{\"@type\":\"SearchAction\",\"target\":{\"@type\":\"EntryPoint\",\"urlTemplate\":\"https:\/\/www.grantalexander.com\/en\/?s={search_term_string}\"},\"query-input\":{\"@type\":\"PropertyValueSpecification\",\"valueRequired\":true,\"valueName\":\"search_term_string\"}}],\"inLanguage\":\"en-GB\"}]}<\/script>\n<!-- \/ Yoast SEO plugin. -->","yoast_head_json":{"title":"The InterSearch Network - Grant Alexander","description":"Need international HR support? Our InterSearch network spans 80 offices and 50+ countries. Let\u2019s connect and strengthen your global reach.","robots":{"index":"index","follow":"follow","max-snippet":"max-snippet:-1","max-image-preview":"max-image-preview:large","max-video-preview":"max-video-preview:-1"},"canonical":"https:\/\/www.grantalexander.com\/en\/the-group\/the-intersearch-network\/","og_locale":"en_GB","og_type":"article","og_title":"The InterSearch Network - Grant Alexander","og_description":"Need international HR support? Our InterSearch network spans 80 offices and 50+ countries. Let\u2019s connect and strengthen your global reach.","og_url":"https:\/\/www.grantalexander.com\/en\/the-group\/the-intersearch-network\/","og_site_name":"Grant Alexander","article_modified_time":"2025-10-03T15:33:26+00:00","twitter_card":"summary_large_image","twitter_misc":{"Estimated reading time":"1 minute"},"schema":{"@context":"https:\/\/schema.org","@graph":[{"@type":"WebPage","@id":"https:\/\/www.grantalexander.com\/en\/the-group\/the-intersearch-network\/","url":"https:\/\/www.grantalexander.com\/en\/the-group\/the-intersearch-network\/","name":"The InterSearch Network - Grant Alexander","isPartOf":{"@id":"https:\/\/www.grantalexander.com\/en\/#website"},"datePublished":"2024-02-26T22:10:49+00:00","dateModified":"2025-10-03T15:33:26+00:00","description":"Need international HR support? Our InterSearch network spans 80 offices and 50+ countries. Let\u2019s connect and strengthen your global reach.","inLanguage":"en-GB","potentialAction":[{"@type":"ReadAction","target":["https:\/\/www.grantalexander.com\/en\/the-group\/the-intersearch-network\/"]}]},{"@type":"WebSite","@id":"https:\/\/www.grantalexander.com\/en\/#website","url":"https:\/\/www.grantalexander.com\/en\/","name":"Grant Alexander","description":"","potentialAction":[{"@type":"SearchAction","target":{"@type":"EntryPoint","urlTemplate":"https:\/\/www.grantalexander.com\/en\/?s={search_term_string}"},"query-input":{"@type":"PropertyValueSpecification","valueRequired":true,"valueName":"search_term_string"}}],"inLanguage":"en-GB"}]}},"_links":{"self":[{"href":"https:\/\/www.grantalexander.com\/en\/wp-json\/wp\/v2\/pages\/963","targetHints":{"allow":["GET"]}}],"collection":[{"href":"https:\/\/www.grantalexander.com\/en\/wp-json\/wp\/v2\/pages"}],"about":[{"href":"https:\/\/www.grantalexander.com\/en\/wp-json\/wp\/v2\/types\/page"}],"author":[{"embeddable":true,"href":"https:\/\/www.grantalexander.com\/en\/wp-json\/wp\/v2\/users\/5"}],"replies":[{"embeddable":true,"href":"https:\/\/www.grantalexander.com\/en\/wp-json\/wp\/v2\/comments?post=963"}],"version-history":[{"count":3,"href":"https:\/\/www.grantalexander.com\/en\/wp-json\/wp\/v2\/pages\/963\/revisions"}],"predecessor-version":[{"id":3508,"href":"https:\/\/www.grantalexander.com\/en\/wp-json\/wp\/v2\/pages\/963\/revisions\/3508"}],"up":[{"embeddable":true,"href":"https:\/\/www.grantalexander.com\/en\/wp-json\/wp\/v2\/pages\/663"}],"wp:attachment":[{"href":"https:\/\/www.grantalexander.com\/en\/wp-json\/wp\/v2\/media?parent=963"}],"wp:term":[{"taxonomy":"activity","embeddable":true,"href":"https:\/\/www.grantalexander.com\/en\/wp-json\/wp\/v2\/activity?post=963"}],"curies":[{"name":"wp","href":"https:\/\/api.w.org\/{rel}","templated":true}]}}